{"id":590,"date":"2025-03-22T07:01:39","date_gmt":"2025-03-22T07:01:39","guid":{"rendered":"http:\/\/hatoshik.infinityfreeapp.com\/?page_id=590"},"modified":"2025-06-12T17:20:42","modified_gmt":"2025-06-12T17:20:42","slug":"benefits","status":"publish","type":"page","link":"https:\/\/sunsetloyaltyclub.com\/es\/benefits\/","title":{"rendered":"Benefits"},"content":{"rendered":"<div data-elementor-type=\"wp-page\" data-elementor-id=\"590\" class=\"elementor elementor-590\" data-elementor-settings=\"{&quot;ha_cmc_init_switcher&quot;:&quot;no&quot;}\" data-elementor-post-type=\"page\">\n\t\t\t\t<div class=\"elementor-element elementor-element-ad7b7e2 e-flex e-con-boxed e-con e-parent\" data-id=\"ad7b7e2\" data-element_type=\"container\" data-e-type=\"container\" data-settings=\"{&quot;background_background&quot;:&quot;classic&quot;,&quot;_ha_eqh_enable&quot;:&quot;yes&quot;,&quot;_ha_eqh_to&quot;:&quot;widget&quot;,&quot;_ha_eqh_disable_on_tablet&quot;:&quot;no&quot;,&quot;_ha_eqh_disable_on_mobile&quot;:&quot;yes&quot;,&quot;ekit_has_onepagescroll_dot&quot;:&quot;yes&quot;}\">\n\t\t\t\t\t<div class=\"e-con-inner\">\n\t\t\t\t<div class=\"elementor-element elementor-element-ebb1171 elementor-widget elementor-widget-heading\" data-id=\"ebb1171\" data-element_type=\"widget\" data-e-type=\"widget\" data-settings=\"{&quot;ekit_we_effect_on&quot;:&quot;none&quot;}\" data-widget_type=\"heading.default\">\n\t\t\t\t<div class=\"elementor-widget-container\">\n\t\t\t\t\t<h2 class=\"elementor-heading-title elementor-size-default\">Beneficios de The Ultimate Loyalty Program<\/h2>\t\t\t\t<\/div>\n\t\t\t\t<\/div>\n\t\t\t\t\t<\/div>\n\t\t\t\t<\/div>\n\t\t<div class=\"elementor-element elementor-element-b8ca7de e-flex e-con-boxed e-con e-parent\" data-id=\"b8ca7de\" data-element_type=\"container\" data-e-type=\"container\" data-settings=\"{&quot;_ha_eqh_enable&quot;:false,&quot;ekit_has_onepagescroll_dot&quot;:&quot;yes&quot;}\">\n\t\t\t\t\t<div class=\"e-con-inner\">\n\t\t\t\t<div class=\"elementor-element elementor-element-c4a5bf4 elementor-widget elementor-widget-spacer\" data-id=\"c4a5bf4\" data-element_type=\"widget\" data-e-type=\"widget\" data-settings=\"{&quot;ekit_we_effect_on&quot;:&quot;none&quot;}\" data-widget_type=\"spacer.default\">\n\t\t\t\t<div class=\"elementor-widget-container\">\n\t\t\t\t\t\t\t<div class=\"elementor-spacer\">\n\t\t\t<div class=\"elementor-spacer-inner\"><\/div>\n\t\t<\/div>\n\t\t\t\t\t\t<\/div>\n\t\t\t\t<\/div>\n\t\t\t\t<div class=\"elementor-element elementor-element-1f384e5 e-n-tabs-mobile elementor-widget elementor-widget-n-tabs\" data-id=\"1f384e5\" data-element_type=\"widget\" data-e-type=\"widget\" data-settings=\"{&quot;ekit_we_effect_on&quot;:&quot;none&quot;}\" data-widget_type=\"nested-tabs.default\">\n\t\t\t\t<div class=\"elementor-widget-container\">\n\t\t\t\t\t\t\t<div class=\"e-n-tabs\" data-widget-number=\"32736485\" aria-label=\"Pesta\u00f1as. Abre elementos con Intro o Espacio, ci\u00e9rralos con Escape y navega con las fechas.\">\n\t\t\t<div class=\"e-n-tabs-heading\" role=\"tablist\">\n\t\t\t\t\t<button id=\"e-n-tab-title-327364851\" data-tab-title-id=\"e-n-tab-title-327364851\" class=\"e-n-tab-title elementor-animation-shrink\" aria-selected=\"true\" data-tab-index=\"1\" role=\"tab\" tabindex=\"0\" aria-controls=\"e-n-tab-content-327364851\" style=\"--n-tabs-title-order: 1;\">\n\t\t\t\t\t<span class=\"e-n-tab-icon\">\n\t\t\t<svg aria-hidden=\"true\" class=\"e-font-icon-svg e-fas-plus\" viewbox=\"0 0 448 512\" xmlns=\"http:\/\/www.w3.org\/2000\/svg\"><path d=\"M416 208H272V64c0-17.67-14.33-32-32-32h-32c-17.67 0-32 14.33-32 32v144H32c-17.67 0-32 14.33-32 32v32c0 17.67 14.33 32 32 32h144v144c0 17.67 14.33 32 32 32h32c17.67 0 32-14.33 32-32V304h144c17.67 0 32-14.33 32-32v-32c0-17.67-14.33-32-32-32z\"><\/path><\/svg>\t\t\t<svg aria-hidden=\"true\" class=\"e-font-icon-svg e-fas-minus\" viewbox=\"0 0 448 512\" xmlns=\"http:\/\/www.w3.org\/2000\/svg\"><path d=\"M416 208H32c-17.67 0-32 14.33-32 32v32c0 17.67 14.33 32 32 32h384c17.67 0 32-14.33 32-32v-32c0-17.67-14.33-32-32-32z\"><\/path><\/svg>\t\t<\/span>\n\t\t\t\t\t<span class=\"e-n-tab-title-text\">\n\t\t\t\tINTERVAL INTERNATIONAL\u00ae\t\t\t<\/span>\n\t\t<\/button>\n\t\t\t\t<button id=\"e-n-tab-title-327364852\" data-tab-title-id=\"e-n-tab-title-327364852\" class=\"e-n-tab-title elementor-animation-shrink\" aria-selected=\"false\" data-tab-index=\"2\" role=\"tab\" tabindex=\"-1\" aria-controls=\"e-n-tab-content-327364852\" style=\"--n-tabs-title-order: 2;\">\n\t\t\t\t\t<span class=\"e-n-tab-icon\">\n\t\t\t<svg aria-hidden=\"true\" class=\"e-font-icon-svg e-fas-plus\" viewbox=\"0 0 448 512\" xmlns=\"http:\/\/www.w3.org\/2000\/svg\"><path d=\"M416 208H272V64c0-17.67-14.33-32-32-32h-32c-17.67 0-32 14.33-32 32v144H32c-17.67 0-32 14.33-32 32v32c0 17.67 14.33 32 32 32h144v144c0 17.67 14.33 32 32 32h32c17.67 0 32-14.33 32-32V304h144c17.67 0 32-14.33 32-32v-32c0-17.67-14.33-32-32-32z\"><\/path><\/svg>\t\t\t<svg aria-hidden=\"true\" class=\"e-font-icon-svg e-fas-minus\" viewbox=\"0 0 448 512\" xmlns=\"http:\/\/www.w3.org\/2000\/svg\"><path d=\"M416 208H32c-17.67 0-32 14.33-32 32v32c0 17.67 14.33 32 32 32h384c17.67 0 32-14.33 32-32v-32c0-17.67-14.33-32-32-32z\"><\/path><\/svg>\t\t<\/span>\n\t\t\t\t\t<span class=\"e-n-tab-title-text\">\n\t\t\t\tDESCUENTOS EN LINEAS DE CRUCEROS CARNIVAL\t\t\t<\/span>\n\t\t<\/button>\n\t\t\t\t<button id=\"e-n-tab-title-327364853\" data-tab-title-id=\"e-n-tab-title-327364853\" class=\"e-n-tab-title elementor-animation-shrink\" aria-selected=\"false\" data-tab-index=\"3\" role=\"tab\" tabindex=\"-1\" aria-controls=\"e-n-tab-content-327364853\" style=\"--n-tabs-title-order: 3;\">\n\t\t\t\t\t<span class=\"e-n-tab-icon\">\n\t\t\t<svg aria-hidden=\"true\" class=\"e-font-icon-svg e-fas-plus\" viewbox=\"0 0 448 512\" xmlns=\"http:\/\/www.w3.org\/2000\/svg\"><path d=\"M416 208H272V64c0-17.67-14.33-32-32-32h-32c-17.67 0-32 14.33-32 32v144H32c-17.67 0-32 14.33-32 32v32c0 17.67 14.33 32 32 32h144v144c0 17.67 14.33 32 32 32h32c17.67 0 32-14.33 32-32V304h144c17.67 0 32-14.33 32-32v-32c0-17.67-14.33-32-32-32z\"><\/path><\/svg>\t\t\t<svg aria-hidden=\"true\" class=\"e-font-icon-svg e-fas-minus\" viewbox=\"0 0 448 512\" xmlns=\"http:\/\/www.w3.org\/2000\/svg\"><path d=\"M416 208H32c-17.67 0-32 14.33-32 32v32c0 17.67 14.33 32 32 32h384c17.67 0 32-14.33 32-32v-32c0-17.67-14.33-32-32-32z\"><\/path><\/svg>\t\t<\/span>\n\t\t\t\t\t<span class=\"e-n-tab-title-text\">\n\t\t\t\tEUROPLUS\t\t\t<\/span>\n\t\t<\/button>\n\t\t\t\t<button id=\"e-n-tab-title-327364854\" data-tab-title-id=\"e-n-tab-title-327364854\" class=\"e-n-tab-title elementor-animation-shrink\" aria-selected=\"false\" data-tab-index=\"4\" role=\"tab\" tabindex=\"-1\" aria-controls=\"e-n-tab-content-327364854\" style=\"--n-tabs-title-order: 4;\">\n\t\t\t\t\t<span class=\"e-n-tab-icon\">\n\t\t\t<svg aria-hidden=\"true\" class=\"e-font-icon-svg e-fas-plus\" viewbox=\"0 0 448 512\" xmlns=\"http:\/\/www.w3.org\/2000\/svg\"><path d=\"M416 208H272V64c0-17.67-14.33-32-32-32h-32c-17.67 0-32 14.33-32 32v144H32c-17.67 0-32 14.33-32 32v32c0 17.67 14.33 32 32 32h144v144c0 17.67 14.33 32 32 32h32c17.67 0 32-14.33 32-32V304h144c17.67 0 32-14.33 32-32v-32c0-17.67-14.33-32-32-32z\"><\/path><\/svg>\t\t\t<svg aria-hidden=\"true\" class=\"e-font-icon-svg e-fas-minus\" viewbox=\"0 0 448 512\" xmlns=\"http:\/\/www.w3.org\/2000\/svg\"><path d=\"M416 208H32c-17.67 0-32 14.33-32 32v32c0 17.67 14.33 32 32 32h384c17.67 0 32-14.33 32-32v-32c0-17.67-14.33-32-32-32z\"><\/path><\/svg>\t\t<\/span>\n\t\t\t\t\t<span class=\"e-n-tab-title-text\">\n\t\t\t\tSUNSET WORLD\t\t\t<\/span>\n\t\t<\/button>\n\t\t\t\t<button id=\"e-n-tab-title-327364855\" data-tab-title-id=\"e-n-tab-title-327364855\" class=\"e-n-tab-title elementor-animation-shrink\" aria-selected=\"false\" data-tab-index=\"5\" role=\"tab\" tabindex=\"-1\" aria-controls=\"e-n-tab-content-327364855\" style=\"--n-tabs-title-order: 5;\">\n\t\t\t\t\t<span class=\"e-n-tab-icon\">\n\t\t\t<svg aria-hidden=\"true\" class=\"e-font-icon-svg e-fas-plus\" viewbox=\"0 0 448 512\" xmlns=\"http:\/\/www.w3.org\/2000\/svg\"><path d=\"M416 208H272V64c0-17.67-14.33-32-32-32h-32c-17.67 0-32 14.33-32 32v144H32c-17.67 0-32 14.33-32 32v32c0 17.67 14.33 32 32 32h144v144c0 17.67 14.33 32 32 32h32c17.67 0 32-14.33 32-32V304h144c17.67 0 32-14.33 32-32v-32c0-17.67-14.33-32-32-32z\"><\/path><\/svg>\t\t\t<svg aria-hidden=\"true\" class=\"e-font-icon-svg e-fas-minus\" viewbox=\"0 0 448 512\" xmlns=\"http:\/\/www.w3.org\/2000\/svg\"><path d=\"M416 208H32c-17.67 0-32 14.33-32 32v32c0 17.67 14.33 32 32 32h384c17.67 0 32-14.33 32-32v-32c0-17.67-14.33-32-32-32z\"><\/path><\/svg>\t\t<\/span>\n\t\t\t\t\t<span class=\"e-n-tab-title-text\">\n\t\t\t\tLOYALTY HOLIDAYS RESORT WEEKS\t\t\t<\/span>\n\t\t<\/button>\n\t\t\t\t\t<\/div>\n\t\t\t<div class=\"e-n-tabs-content\">\n\t\t\t\t<div id=\"e-n-tab-content-327364851\" role=\"tabpanel\" aria-labelledby=\"e-n-tab-title-327364851\" data-tab-index=\"1\" style=\"--n-tabs-title-order: 1;\" class=\"e-active elementor-element elementor-element-79f5c7b e-con-full e-flex e-con e-child\" data-id=\"79f5c7b\" data-element_type=\"container\" data-e-type=\"container\" data-settings=\"{&quot;_ha_eqh_enable&quot;:false,&quot;ekit_has_onepagescroll_dot&quot;:&quot;yes&quot;}\">\n\t\t\t\t<div class=\"elementor-element elementor-element-9010d04 elementor-widget elementor-widget-heading\" data-id=\"9010d04\" data-element_type=\"widget\" data-e-type=\"widget\" data-settings=\"{&quot;ekit_we_effect_on&quot;:&quot;none&quot;}\" data-widget_type=\"heading.default\">\n\t\t\t\t<div class=\"elementor-widget-container\">\n\t\t\t\t\t<h2 class=\"elementor-heading-title elementor-size-default\"> Interval international\u00ae<\/h2>\t\t\t\t<\/div>\n\t\t\t\t<\/div>\n\t\t\t\t<div class=\"elementor-element elementor-element-7fbb1c4 elementor-widget elementor-widget-text-editor\" data-id=\"7fbb1c4\" data-element_type=\"widget\" data-e-type=\"widget\" data-settings=\"{&quot;ekit_we_effect_on&quot;:&quot;none&quot;}\" data-widget_type=\"text-editor.default\">\n\t\t\t\t<div class=\"elementor-widget-container\">\n\t\t\t\t\t\t\t\t\t<p>Como miembro vacacional, t\u00fa y tu familia podr\u00e1n disfrutar de vacaciones incre\u00edbles y accesibles\na\u00f1o tras a\u00f1o. Con Interval Platinum\u00ae, obtienes todos los beneficios de la membres\u00eda Interval\nGold\u00ae (incluyendo ShortStay Exchange\u00ae, VIP ConciergeSM e Interval Options\u00ae), m\u00e1s estos\nbeneficios exclusivos de Interval Platinum\u00ae:<\/p>\t\t\t\t\t\t\t\t<\/div>\n\t\t\t\t<\/div>\n\t\t\t\t<div class=\"elementor-element elementor-element-3220f01 elementor-widget elementor-widget-text-editor\" data-id=\"3220f01\" data-element_type=\"widget\" data-e-type=\"widget\" data-settings=\"{&quot;ekit_we_effect_on&quot;:&quot;none&quot;}\" data-widget_type=\"text-editor.default\">\n\t\t\t\t<div class=\"elementor-widget-container\">\n\t\t\t\t\t\t\t\t\t<p>Un Nivel Superior de Intercambio<\/p><ul><li>Intercambio de hotel : Canjea tu semana o puntos por una estad\u00eda en hotel.<\/li><li>Experiencias Interval: Convierte tu semana o puntos en aventuras emocionantes y \u00fanicas.<\/li><li>Tratamiento VIP, incluyendo amenidades especiales, al reservar con Dining Connection.<\/li><li>Golf Connection: Explora opciones de golf en tu destino con ayuda de tu conserje.<\/li><li>Descubre restaurantes de moda, oportunidades de compras, vida nocturna y lugares imperdibles\ncon City Guides.<\/li><li>Accede a las mejores tarifas en hoteles \u2013 respaldado por Priceline Partner Solutions\u2122.<\/li><li>\u00a1Comparte tu pasi\u00f3n por viajar! Obt\u00e9n hasta 5 Certificados de Invitado gratis por a\u00f1o.\nCertificados adicionales disponibles pagando la tarifa est\u00e1ndar.<\/li><li>Viaja con m\u00e1s frecuencia sin canjear tus semanas o puntos, con Getaways: vacaciones en resorts\naccesibles de hasta 7 noches. Adem\u00e1s, disfruta descuentos a\u00fan mayores como\nmiembro Platinum (estancia m\u00ednima requerida).<\/li><li>Acceso gratuito a salas de aeropuerto con Priority Pass: m\u00e1s de 1,700 salones VIP en 600\nciudades y 140 pa\u00edses. \u00a1Adi\u00f3s a las esperas inc\u00f3modas!<\/li><li>Platinum Escapes: Ofertas de \u00faltima hora con descuentos profundos en semanas vacacionales\n(solo por invitaci\u00f3n v\u00eda email).<\/li><li>Acceso prioritario a Getaways: Reserva antes que otros miembros. Lo mejor est\u00e1 a tu alcance.<\/li><\/ul>\t\t\t\t\t\t\t\t<\/div>\n\t\t\t\t<\/div>\n\t\t\t\t<\/div>\n\t\t<div id=\"e-n-tab-content-327364852\" role=\"tabpanel\" aria-labelledby=\"e-n-tab-title-327364852\" data-tab-index=\"2\" style=\"--n-tabs-title-order: 2;\" class=\"elementor-element elementor-element-8158008 e-con-full e-flex e-con e-child\" data-id=\"8158008\" data-element_type=\"container\" data-e-type=\"container\" data-settings=\"{&quot;_ha_eqh_enable&quot;:false,&quot;ekit_has_onepagescroll_dot&quot;:&quot;yes&quot;}\">\n\t\t\t\t<div class=\"elementor-element elementor-element-95c1272 elementor-widget elementor-widget-heading\" data-id=\"95c1272\" data-element_type=\"widget\" data-e-type=\"widget\" data-settings=\"{&quot;ekit_we_effect_on&quot;:&quot;none&quot;}\" data-widget_type=\"heading.default\">\n\t\t\t\t<div class=\"elementor-widget-container\">\n\t\t\t\t\t<h2 class=\"elementor-heading-title elementor-size-default\"> El Programa Ultimate Loyalty<\/h2>\t\t\t\t<\/div>\n\t\t\t\t<\/div>\n\t\t\t\t<div class=\"elementor-element elementor-element-7622505 elementor-widget elementor-widget-text-editor\" data-id=\"7622505\" data-element_type=\"widget\" data-e-type=\"widget\" data-settings=\"{&quot;ekit_we_effect_on&quot;:&quot;none&quot;}\" data-widget_type=\"text-editor.default\">\n\t\t\t\t<div class=\"elementor-widget-container\">\n\t\t\t\t\t\t\t\t\t<p class=\"translation-block\">The Ultimate Loyalty Program est\u00e1 respaldado por Carnival, por lo que tienes acceso exclusivo a\ncruceros con destinos especiales. Recibe descuentos en las tarifas m\u00e1s bajas ofrecidas\npor Carnival\u00ae Cruise Lines, Cunard Line\u00ae y Princess Cruises\u00ae. Disfruta de un crucero por el\nCaribe o navega hacia destinos ex\u00f3ticos como Alaska, Europa, Las Bahamas y Haw\u00e1i.<\/p>\t\t\t\t\t\t\t\t<\/div>\n\t\t\t\t<\/div>\n\t\t\t\t<div class=\"elementor-element elementor-element-334937a elementor-widget elementor-widget-video\" data-id=\"334937a\" data-element_type=\"widget\" data-e-type=\"widget\" data-settings=\"{&quot;video_type&quot;:&quot;hosted&quot;,&quot;controls&quot;:&quot;yes&quot;,&quot;ekit_we_effect_on&quot;:&quot;none&quot;}\" data-widget_type=\"video.default\">\n\t\t\t\t<div class=\"elementor-widget-container\">\n\t\t\t\t\t\t\t<div class=\"e-hosted-video elementor-wrapper elementor-open-inline\">\n\t\t\t\t\t<video class=\"elementor-video\" src=\"https:\/\/sunsetloyaltyclub.com\/wp-content\/uploads\/2025\/03\/Ascendant-Holidays-powered-by-Carnival-1.mp4\" controls=\"\" preload=\"metadata\" controlslist=\"nodownload\"><\/video>\n\t\t\t\t<\/div>\n\t\t\t\t\t\t<\/div>\n\t\t\t\t<\/div>\n\t\t\t\t<\/div>\n\t\t<div id=\"e-n-tab-content-327364853\" role=\"tabpanel\" aria-labelledby=\"e-n-tab-title-327364853\" data-tab-index=\"3\" style=\"--n-tabs-title-order: 3;\" class=\"elementor-element elementor-element-7daa79e e-con-full e-flex e-con e-child\" data-id=\"7daa79e\" data-element_type=\"container\" data-e-type=\"container\" data-settings=\"{&quot;_ha_eqh_enable&quot;:false,&quot;ekit_has_onepagescroll_dot&quot;:&quot;yes&quot;}\">\n\t\t\t\t<div class=\"elementor-element elementor-element-ab6252c elementor-widget elementor-widget-heading\" data-id=\"ab6252c\" data-element_type=\"widget\" data-e-type=\"widget\" data-settings=\"{&quot;ekit_we_effect_on&quot;:&quot;none&quot;}\" data-widget_type=\"heading.default\">\n\t\t\t\t<div class=\"elementor-widget-container\">\n\t\t\t\t\t<h2 class=\"elementor-heading-title elementor-size-default\">Europlus<\/h2>\t\t\t\t<\/div>\n\t\t\t\t<\/div>\n\t\t\t\t<div class=\"elementor-element elementor-element-74f7536 elementor-widget elementor-widget-text-editor\" data-id=\"74f7536\" data-element_type=\"widget\" data-e-type=\"widget\" data-settings=\"{&quot;ekit_we_effect_on&quot;:&quot;none&quot;}\" data-widget_type=\"text-editor.default\">\n\t\t\t\t<div class=\"elementor-widget-container\">\n\t\t\t\t\t\t\t\t\t<p class=\"translation-block\">Como afiliado de The Ultimate Loyalty Program, obtienes acceso a Europlus by Holiday Plus.\nEste programa te permite realizar reservaciones de estancias en hoteles desde 1 \u00f3 2 noches,\nm\u00ednimo y hasta 6 noches, m\u00e1ximo para ti y un acompa\u00f1ante en habitaci\u00f3n doble\/matrimonial en\ntodos los hoteles socios de Holiday Plus durante la vigencia de tu afiliaci\u00f3n.<\/p><p class=\"translation-block\">Beneficios clave:\n+1,200 hoteles en Reino Unido y Europa categor\u00edas de 3 a 5 estrellas \u00a1sin inventario de tiempos\ncompartidos!. Solo pagas por las comidas durante tu estancia (los precios se indican en la\ndescripci\u00f3n del hotel en el sitio web).<\/p>\t\t\t\t\t\t\t\t<\/div>\n\t\t\t\t<\/div>\n\t\t\t\t<div class=\"elementor-element elementor-element-5a77f1e elementor-widget elementor-widget-video\" data-id=\"5a77f1e\" data-element_type=\"widget\" data-e-type=\"widget\" data-settings=\"{&quot;video_type&quot;:&quot;hosted&quot;,&quot;controls&quot;:&quot;yes&quot;,&quot;ekit_we_effect_on&quot;:&quot;none&quot;}\" data-widget_type=\"video.default\">\n\t\t\t\t<div class=\"elementor-widget-container\">\n\t\t\t\t\t\t\t<div class=\"e-hosted-video elementor-wrapper elementor-open-inline\">\n\t\t\t\t\t<video class=\"elementor-video\" src=\"https:\/\/sunsetloyaltyclub.com\/wp-content\/uploads\/2022\/09\/Europlus-Explanatory-Video-Resolution-720-High-Res.mp4\" controls=\"\" preload=\"metadata\" controlslist=\"nodownload\"><\/video>\n\t\t\t\t<\/div>\n\t\t\t\t\t\t<\/div>\n\t\t\t\t<\/div>\n\t\t\t\t<\/div>\n\t\t<div id=\"e-n-tab-content-327364854\" role=\"tabpanel\" aria-labelledby=\"e-n-tab-title-327364854\" data-tab-index=\"4\" style=\"--n-tabs-title-order: 4;\" class=\"elementor-element elementor-element-57f1ac1 e-con-full e-flex e-con e-child\" data-id=\"57f1ac1\" data-element_type=\"container\" data-e-type=\"container\" data-settings=\"{&quot;_ha_eqh_enable&quot;:false,&quot;ekit_has_onepagescroll_dot&quot;:&quot;yes&quot;}\">\n\t\t\t\t<div class=\"elementor-element elementor-element-fc820d1 elementor-widget elementor-widget-heading\" data-id=\"fc820d1\" data-element_type=\"widget\" data-e-type=\"widget\" data-settings=\"{&quot;ekit_we_effect_on&quot;:&quot;none&quot;}\" data-widget_type=\"heading.default\">\n\t\t\t\t<div class=\"elementor-widget-container\">\n\t\t\t\t\t<h2 class=\"elementor-heading-title elementor-size-default\">Hoteles Sunset World<\/h2>\t\t\t\t<\/div>\n\t\t\t\t<\/div>\n\t\t\t\t<div class=\"elementor-element elementor-element-ceb0f7f elementor-widget elementor-widget-text-editor\" data-id=\"ceb0f7f\" data-element_type=\"widget\" data-e-type=\"widget\" data-settings=\"{&quot;ekit_we_effect_on&quot;:&quot;none&quot;}\" data-widget_type=\"text-editor.default\">\n\t\t\t\t<div class=\"elementor-widget-container\">\n\t\t\t\t\t\t\t\t\t<p>Como afiliado de The Ultimate Loyalty Program, tendr\u00e1 acceso exclusivo a los seis resorts\nde Sunset World en Canc\u00fan y Riviera Maya, consideradas las joyas del Caribe mexicano.\nDisfrute de experiencias premium que incluyen excursiones privadas en yate, deportes acu\u00e1ticos\nde alto nivel, opciones de compras exclusivas, gastronom\u00eda gourmet y una amplia gama de\nexperiencias de lujo.<br \/><br \/>Amenidades de los resorts:<\/p>\t\t\t\t\t\t\t\t<\/div>\n\t\t\t\t<\/div>\n\t\t\t\t<div class=\"elementor-element elementor-element-6e6c715 elementor-widget elementor-widget-text-editor\" data-id=\"6e6c715\" data-element_type=\"widget\" data-e-type=\"widget\" data-settings=\"{&quot;ekit_we_effect_on&quot;:&quot;none&quot;}\" data-widget_type=\"text-editor.default\">\n\t\t\t\t<div class=\"elementor-widget-container\">\n\t\t\t\t\t\t\t\t\t<ul><li>Los afiliados disfrutan de comidas y snacks ilimitados<\/li><li>Bebidas alcoh\u00f3licas internacionales, c\u00f3cteles ex\u00f3ticos y bebidas no alcoh\u00f3licas<\/li><li>El servicio incluye\ntransporte terrestre entre hoteles en Canc\u00fan<\/li><li>Acceso a restaurantes \u00e0 la carte y buffets<\/li><li>Entretenimiento diurno y nocturno<\/li><li>Programas de actividades diarias, deportes acu\u00e1ticos no\nmotorizados<\/li><li>Programa especial de actividades infantiles.<\/li><\/ul>\t\t\t\t\t\t\t\t<\/div>\n\t\t\t\t<\/div>\n\t\t\t\t<div class=\"elementor-element elementor-element-2e9e8bd elementor-widget elementor-widget-text-editor\" data-id=\"2e9e8bd\" data-element_type=\"widget\" data-e-type=\"widget\" data-settings=\"{&quot;ekit_we_effect_on&quot;:&quot;none&quot;}\" data-widget_type=\"text-editor.default\">\n\t\t\t\t<div class=\"elementor-widget-container\">\n\t\t\t\t\t\t\t\t\t<p>Grupo Sunset World es una empresa familiar mexicana fundada por algunos de los pioneros de\nCanc\u00fan que ayudaron a convertir este polo en el destino tur\u00edstico exitoso a nivel mundial. Grupo\nSunset World cuenta con m\u00e1s de 30 a\u00f1os de experiencia en la industria hotelera y una sincera\npasi\u00f3n por la conservaci\u00f3n del medio ambiente, por lo que implement\u00f3 un Programa de\nEficiencia Energ\u00e9tica mediante la sustituci\u00f3n de tecnolog\u00edas de suministro en sus seis hoteles en\nCanc\u00fan y La Riviera Maya. Adem\u00e1s, todos los hoteles de Sunset World se abastecen con energ\u00eda\nlimpia y renovable producida en parques e\u00f3licos y plantas geot\u00e9rmicas mexicanas, lo que ha\nreducido considerablemente la huella de carbono de la compa\u00f1\u00eda. Los programas de actividades\ny gastronom\u00eda en los seis hoteles son actualizados y ampliados constantemente para el disfrute de\ntoda la familia, ya que Grupo Sunset World siempre se enfoca en brindar las mejores\nexperiencias vacacionales para sus socios y hu\u00e9spedes.<\/p>\t\t\t\t\t\t\t\t<\/div>\n\t\t\t\t<\/div>\n\t\t\t\t<div class=\"elementor-element elementor-element-afdc056 elementor-widget elementor-widget-video\" data-id=\"afdc056\" data-element_type=\"widget\" data-e-type=\"widget\" data-settings=\"{&quot;video_type&quot;:&quot;hosted&quot;,&quot;controls&quot;:&quot;yes&quot;,&quot;ekit_we_effect_on&quot;:&quot;none&quot;}\" data-widget_type=\"video.default\">\n\t\t\t\t<div class=\"elementor-widget-container\">\n\t\t\t\t\t\t\t<div class=\"e-hosted-video elementor-wrapper elementor-open-inline\">\n\t\t\t\t\t<video class=\"elementor-video\" src=\"https:\/\/sunsetloyaltyclub.com\/wp-content\/uploads\/2025\/05\/FINAL_SW-Partner-Affinity-Film-2018-MASTER.mp4\" controls=\"\" preload=\"metadata\" controlslist=\"nodownload\"><\/video>\n\t\t\t\t<\/div>\n\t\t\t\t\t\t<\/div>\n\t\t\t\t<\/div>\n\t\t\t\t<\/div>\n\t\t<div id=\"e-n-tab-content-327364855\" role=\"tabpanel\" aria-labelledby=\"e-n-tab-title-327364855\" data-tab-index=\"5\" style=\"--n-tabs-title-order: 5;\" class=\"elementor-element elementor-element-40f6d35 e-con-full e-flex e-con e-child\" data-id=\"40f6d35\" data-element_type=\"container\" data-e-type=\"container\" data-settings=\"{&quot;_ha_eqh_enable&quot;:false,&quot;ekit_has_onepagescroll_dot&quot;:&quot;yes&quot;}\">\n\t\t\t\t<div class=\"elementor-element elementor-element-4159063 elementor-widget elementor-widget-heading\" data-id=\"4159063\" data-element_type=\"widget\" data-e-type=\"widget\" data-settings=\"{&quot;ekit_we_effect_on&quot;:&quot;none&quot;}\" data-widget_type=\"heading.default\">\n\t\t\t\t<div class=\"elementor-widget-container\">\n\t\t\t\t\t<h2 class=\"elementor-heading-title elementor-size-default\">LOYALTY HOLIDAYS RESORT WEEKS<\/h2>\t\t\t\t<\/div>\n\t\t\t\t<\/div>\n\t\t\t\t<div class=\"elementor-element elementor-element-5d375b0 elementor-widget elementor-widget-text-editor\" data-id=\"5d375b0\" data-element_type=\"widget\" data-e-type=\"widget\" data-settings=\"{&quot;ekit_we_effect_on&quot;:&quot;none&quot;}\" data-widget_type=\"text-editor.default\">\n\t\t\t\t<div class=\"elementor-widget-container\">\n\t\t\t\t\t\t\t\t\t<p class=\"p1\">Disfrute de acceso a m\u00e1s de 11,000 resorts y condominios que puede reservar como vacaciones\nadicionales a un precio especial.<\/p><p class=\"p1 translation-block\">Adem\u00e1s, tendr\u00e1 acceso a semanas de \"\u00faltimo minuto\", disponibles para reservar entre 8 y 60 d\u00edas\nantes de su estancia, con precios bajos y asequibles. Ya sea que desee emprender una aventura de\nsenderismo por las monta\u00f1as o explorar destinos ex\u00f3ticos, estas semanas le permitir\u00e1n descubrir\nlos destinos m\u00e1s populares del mundo.<\/p>\t\t\t\t\t\t\t\t<\/div>\n\t\t\t\t<\/div>\n\t\t\t\t<div class=\"elementor-element elementor-element-5ef4e4a elementor-widget elementor-widget-video\" data-id=\"5ef4e4a\" data-element_type=\"widget\" data-e-type=\"widget\" data-settings=\"{&quot;video_type&quot;:&quot;hosted&quot;,&quot;controls&quot;:&quot;yes&quot;,&quot;ekit_we_effect_on&quot;:&quot;none&quot;}\" data-widget_type=\"video.default\">\n\t\t\t\t<div class=\"elementor-widget-container\">\n\t\t\t\t\t\t\t<div class=\"e-hosted-video elementor-wrapper elementor-open-inline\">\n\t\t\t\t\t<video class=\"elementor-video\" src=\"https:\/\/sunsetloyaltyclub.com\/wp-content\/uploads\/2025\/03\/1920.1080-1.mp4\" controls=\"\" preload=\"metadata\" controlslist=\"nodownload\"><\/video>\n\t\t\t\t<\/div>\n\t\t\t\t\t\t<\/div>\n\t\t\t\t<\/div>\n\t\t\t\t<\/div>\n\t\t\t\t\t<\/div>\n\t\t<\/div>\n\t\t\t\t\t\t<\/div>\n\t\t\t\t<\/div>\n\t\t\t\t\t<\/div>\n\t\t\t\t<\/div>\n\t\t\t\t<\/div>","protected":false},"excerpt":{"rendered":"<p>The Ultimate Loyalty Program Benefits INTERVAL INTERNATIONAL\u00ae CARNIVAL CRUISE LINE DISCOUNTS EUROPLUS SUNSET WORLD LOYALTY HOLIDAYS RESORT WEEKS Interval international\u00ae As a vacation member, you and your family can enjoy great, affordable vacations year after year. And with Interval Platinum\u00ae, you get all the great benefits of the Interval Gold\u00ae membership (including ShortStay Exchange\u00ae, VIP [&hellip;]<\/p>","protected":false},"author":5,"featured_media":239,"parent":0,"menu_order":0,"comment_status":"closed","ping_status":"closed","template":"elementor_header_footer","meta":{"footnotes":""},"class_list":["post-590","page","type-page","status-publish","has-post-thumbnail","hentry"],"_links":{"self":[{"href":"https:\/\/sunsetloyaltyclub.com\/es\/wp-json\/wp\/v2\/pages\/590","targetHints":{"allow":["GET"]}}],"collection":[{"href":"https:\/\/sunsetloyaltyclub.com\/es\/wp-json\/wp\/v2\/pages"}],"about":[{"href":"https:\/\/sunsetloyaltyclub.com\/es\/wp-json\/wp\/v2\/types\/page"}],"author":[{"embeddable":true,"href":"https:\/\/sunsetloyaltyclub.com\/es\/wp-json\/wp\/v2\/users\/5"}],"replies":[{"embeddable":true,"href":"https:\/\/sunsetloyaltyclub.com\/es\/wp-json\/wp\/v2\/comments?post=590"}],"version-history":[{"count":103,"href":"https:\/\/sunsetloyaltyclub.com\/es\/wp-json\/wp\/v2\/pages\/590\/revisions"}],"predecessor-version":[{"id":2007,"href":"https:\/\/sunsetloyaltyclub.com\/es\/wp-json\/wp\/v2\/pages\/590\/revisions\/2007"}],"wp:featuredmedia":[{"embeddable":true,"href":"https:\/\/sunsetloyaltyclub.com\/es\/wp-json\/wp\/v2\/media\/239"}],"wp:attachment":[{"href":"https:\/\/sunsetloyaltyclub.com\/es\/wp-json\/wp\/v2\/media?parent=590"}],"curies":[{"name":"wp","href":"https:\/\/api.w.org\/{rel}","templated":true}]}}